{"id":9,"date":"2018-10-03T15:33:49","date_gmt":"2018-10-03T13:33:49","guid":{"rendered":"http:\/\/compagnielela.re\/?page_id=9"},"modified":"2024-04-05T17:53:14","modified_gmt":"2024-04-05T13:53:14","slug":"accueil","status":"publish","type":"page","link":"https:\/\/compagnielela.re\/","title":{"rendered":"Accueil"},"content":{"rendered":"\n<p>&nbsp;<\/p>\n\n\n\n<p>La compagnie L\u00e9 LA est cr\u00e9\u00e9e en octobre 2017 par Antoine Chalard et Florent Malburet qui posent leurs valises sur l&rsquo;\u00eele de la R\u00e9union apr\u00e8s avoir dirig\u00e9 pendant 20 ans le th\u00e9\u00e2tre du Midi \u00e0 Chelles.<\/p>\n\n\n\n<p>La compagnie est bas\u00e9e \u00e0 Saint-Pierre et oriente son travail principalement vers les enfants et les adolescents. Elle pr\u00e9sente ses spectacles \u00e0 la R\u00e9union dans les lieux traditionnels de diffusion mais part aussi \u00e0 la rencontre de son public en milieu scolaire ou hospitalier. Elle veille \u00e9galement \u00e0 exporter ses cr\u00e9ations vers l\u2019hexagone (Paris, Avignon, Province), les outre-mers (Guadeloupe et Martinique) et \u00e0 l&rsquo;\u00e9tranger (Liban, Mexique, Singapour.)<\/p>\n\n\n\n<p>En 5 ans, elle cr\u00e9e 5 spectacles&nbsp;:<\/p>\n\n\n\n<p>. <em><a href=\"https:\/\/compagnielela.re\/?page_id=58(ouvre un nouvel onglet)\">Elephant Man<\/a><\/em>, d&rsquo;Antoine Chalard (2018)<\/p>\n\n\n\n<p>.<a href=\"https:\/\/compagnielela.re\/?page_id=60(ouvre un nouvel onglet)\"> <em>Le Petit Violon<\/em><\/a>, de Jean-Claude Grumberg (2019)<\/p>\n\n\n\n<p>. <em><a href=\"https:\/\/compagnielela.re\/?page_id=421\" data-type=\"page\" data-id=\"421\">L&rsquo;incroyable histoire de John l&rsquo;\u00e9l\u00e9phant<\/a><\/em>, d&rsquo;Antoine Chalard (2021)<\/p>\n\n\n\n<p>. <em><a href=\"https:\/\/compagnielela.re\/?page_id=469\" data-type=\"page\" data-id=\"469\">Pinocchio 21<\/a><\/em>, d&rsquo;Antoine Chalard (2021)<\/p>\n\n\n\n<p>. <em><a href=\"https:\/\/compagnielela.re\/?page_id=735\" data-type=\"page\" data-id=\"735\">L&rsquo;Enfant de l&rsquo;Arbre<\/a>, <\/em>d&rsquo;Antoine Chalard (2023)<\/p>\n","protected":false},"excerpt":{"rendered":"<p>&nbsp; La compagnie L\u00e9 LA est cr\u00e9\u00e9e en octobre 2017 par Antoine Chalard et Florent Malburet qui posent leurs valises sur l&rsquo;\u00eele de la R\u00e9union apr\u00e8s avoir dirig\u00e9 pendant 20 ans le th\u00e9\u00e2tre du Midi \u00e0 Chelles. La compagnie est bas\u00e9e \u00e0 Saint-Pierre et oriente son travail principalement vers les enfants et les adolescents. Elle [&hellip;]<\/p>\n","protected":false},"author":3,"featured_media":0,"parent":0,"menu_order":1,"comment_status":"closed","ping_status":"closed","template":"","meta":{"site-sidebar-layout":"right-sidebar","site-content-layout":"","ast-site-content-layout":"default","site-content-style":"default","site-sidebar-style":"default","ast-global-header-display":"","ast-banner-title-visibility":"","ast-main-header-display":"","ast-hfb-above-header-display":"","ast-hfb-below-header-display":"","ast-hfb-mobile-header-display":"","site-post-title":"","ast-breadcrumbs-content":"","ast-featured-img":"","footer-sml-layout":"","ast-disable-related-posts":"","theme-transparent-header-meta":"","adv-header-id-meta":"","stick-header-meta":"","header-above-stick-meta":"","header-main-stick-meta":"","header-below-stick-meta":"","astra-migrate-meta-layouts":"set","ast-page-background-enabled":"default","ast-page-background-meta":{"desktop":{"background-color":"var(--ast-global-color-4)","background-image":"","background-repeat":"repeat","background-position":"center center","background-size":"auto","background-attachment":"scroll","background-type":"","background-media":"","overlay-type":"","overlay-color":"","overlay-opacity":"","overlay-gradient":""},"tablet":{"background-color":"","background-image":"","background-repeat":"repeat","background-position":"center center","background-size":"auto","background-attachment":"scroll","background-type":"","background-media":"","overlay-type":"","overlay-color":"","overlay-opacity":"","overlay-gradient":""},"mobile":{"background-color":"","background-image":"","background-repeat":"repeat","background-position":"center center","background-size":"auto","background-attachment":"scroll","background-type":"","background-media":"","overlay-type":"","overlay-color":"","overlay-opacity":"","overlay-gradient":""}},"ast-content-background-meta":{"desktop":{"background-color":"var(--ast-global-color-5)","background-image":"","background-repeat":"repeat","background-position":"center center","background-size":"auto","background-attachment":"scroll","background-type":"","background-media":"","overlay-type":"","overlay-color":"","overlay-opacity":"","overlay-gradient":""},"tablet":{"background-color":"var(--ast-global-color-5)","background-image":"","background-repeat":"repeat","background-position":"center center","background-size":"auto","background-attachment":"scroll","background-type":"","background-media":"","overlay-type":"","overlay-color":"","overlay-opacity":"","overlay-gradient":""},"mobile":{"background-color":"var(--ast-global-color-5)","background-image":"","background-repeat":"repeat","background-position":"center center","background-size":"auto","background-attachment":"scroll","background-type":"","background-media":"","overlay-type":"","overlay-color":"","overlay-opacity":"","overlay-gradient":""}},"footnotes":""},"class_list":["post-9","page","type-page","status-publish","hentry"],"_links":{"self":[{"href":"https:\/\/compagnielela.re\/index.php?rest_route=\/wp\/v2\/pages\/9","targetHints":{"allow":["GET"]}}],"collection":[{"href":"https:\/\/compagnielela.re\/index.php?rest_route=\/wp\/v2\/pages"}],"about":[{"href":"https:\/\/compagnielela.re\/index.php?rest_route=\/wp\/v2\/types\/page"}],"author":[{"embeddable":true,"href":"https:\/\/compagnielela.re\/index.php?rest_route=\/wp\/v2\/users\/3"}],"replies":[{"embeddable":true,"href":"https:\/\/compagnielela.re\/index.php?rest_route=%2Fwp%2Fv2%2Fcomments&post=9"}],"version-history":[{"count":25,"href":"https:\/\/compagnielela.re\/index.php?rest_route=\/wp\/v2\/pages\/9\/revisions"}],"predecessor-version":[{"id":842,"href":"https:\/\/compagnielela.re\/index.php?rest_route=\/wp\/v2\/pages\/9\/revisions\/842"}],"wp:attachment":[{"href":"https:\/\/compagnielela.re\/index.php?rest_route=%2Fwp%2Fv2%2Fmedia&parent=9"}],"curies":[{"name":"wp","href":"https:\/\/api.w.org\/{rel}","templated":true}]}}