{"id":735,"date":"2023-09-14T20:28:55","date_gmt":"2023-09-14T16:28:55","guid":{"rendered":"https:\/\/compagnielela.re\/?page_id=735"},"modified":"2026-01-30T22:29:55","modified_gmt":"2026-01-30T18:29:55","slug":"lenfant-de-larbre","status":"publish","type":"page","link":"https:\/\/compagnielela.re\/?page_id=735","title":{"rendered":"L&rsquo;Enfant de l&rsquo;Arbre"},"content":{"rendered":"\n<h2 class=\"wp-block-heading\"><strong>L&rsquo;ENFANT DE L&rsquo;ARBRE  d&rsquo;Antoine Chalard<\/strong><\/h2>\n\n\n\n<figure class=\"wp-block-embed is-type-video is-provider-youtube wp-block-embed-youtube wp-embed-aspect-16-9 wp-has-aspect-ratio\"><div class=\"wp-block-embed__wrapper\">\n<iframe loading=\"lazy\" title=\"L&#039;Enfant de l&#039;Arbre - Bande annonce Avignon 25\" width=\"500\" height=\"281\" src=\"https:\/\/www.youtube.com\/embed\/9r1bsSNjBGM?feature=oembed\" frameborder=\"0\" allow=\"accelerometer; autoplay; clipboard-write; encrypted-media; gyroscope; picture-in-picture; web-share\" referrerpolicy=\"strict-origin-when-cross-origin\" allowfullscreen><\/iframe>\n<\/div><\/figure>\n\n\n\n<div class=\"wp-block-columns is-layout-flex wp-container-core-columns-is-layout-28f84493 wp-block-columns-is-layout-flex\">\n<div class=\"wp-block-column is-layout-flow wp-block-column-is-layout-flow\">\n<div class=\"wp-block-columns is-layout-flex wp-container-core-columns-is-layout-28f84493 wp-block-columns-is-layout-flex\">\n<div class=\"wp-block-column is-layout-flow wp-block-column-is-layout-flow\" style=\"flex-basis:100%\">\n<div class=\"wp-block-group is-layout-constrained wp-block-group-is-layout-constrained\">\n<div class=\"wp-block-columns is-layout-flex wp-container-core-columns-is-layout-28f84493 wp-block-columns-is-layout-flex\">\n<div class=\"wp-block-column is-layout-flow wp-block-column-is-layout-flow\">\n<h2 class=\"wp-block-heading\"><strong>Style :<\/strong><\/h2>\n\n\n\n<p>Conte th\u00e9\u00e2tral et musical Tout Public.<\/p>\n\n\n\n<h2 class=\"wp-block-heading\"> <strong>Histoire :<\/strong> <\/h2>\n\n\n\n<p>L&rsquo;enfant vit au pied de l&rsquo;Arbre. L&rsquo;Arbre veille sur lui, le nourrit, le prot\u00e8ge. L&rsquo;enfant aussi prend soin de l&rsquo;Arbre.<br>Tout semble fait pour ne jamais s&rsquo;arr\u00eater.<br>Mais un jour funeste, l&rsquo;Arbre ne trouve plus d&rsquo;eau dans les profondeurs de la Terre. Il perd ses feuilles. Il va mourir. Et l&rsquo;enfant aussi. L&rsquo;Enfant doit partir et trouver l&rsquo;eau.<br>A travers ce conte po\u00e9tique, \u00e9cologique et dr\u00f4le, la Compagnie L\u00e9 LA interroge une fois de plus notre soci\u00e9t\u00e9. A l&rsquo;instar d&rsquo;un Candide des temps modernes, le jeune personnage pose un regard na\u00eff et bienveillant sur son fonctionnement et ses paradoxes. Pourquoi faut-il travailler et s&rsquo;habiller ?<br>Pourquoi l&rsquo;eau ne se trouve-t-elle qu&rsquo;au robinet ? Pourquoi certains y ont-ils acc\u00e8s et d&rsquo;autres non ?<\/p>\n\n\n\n<h2 class=\"wp-block-heading\"><strong>Equipe :<\/strong><\/h2>\n\n\n\n<ul class=\"wp-block-list\">\n<li>Mise en sc\u00e8ne : Antoine Chalard<\/li>\n\n\n\n<li>Avec : Aur\u00e9lie Lauret, Antoine Chalard, Florent Malburet et Gilles Lauret<\/li>\n\n\n\n<li>Composition musicale : Gilles Lauret<\/li>\n\n\n\n<li>Costumes : Magali Castellan et Coline Ploquin<\/li>\n\n\n\n<li>Cr\u00e9ation lumi\u00e8re : Judex Boyer et Fabrice Legros<\/li>\n\n\n\n<li>Oeil chor\u00e9graphique : Gloria Aras <\/li>\n\n\n\n<li>Perruques : Fran\u00e7oise Jouveau<\/li>\n\n\n\n<li>Photos : Ghislain Durif<\/li>\n<\/ul>\n\n\n\n<h2 class=\"wp-block-heading\"><strong>Date de cr\u00e9ation : <\/strong><\/h2>\n\n\n\n<p>10 novembre 2023<\/p>\n\n\n\n<h2 class=\"wp-block-heading\"><strong>Extraits de Presse : <\/strong><\/h2>\n\n\n\n<p>\u00ab\u00a0Une fable actuelle, dr\u00f4le et piquante.\u00a0\u00bb<strong> FRANCE INFO<\/strong><\/p>\n\n\n\n<p>\u00ab\u00a0Un univers po\u00e9tique qui nous envo\u00fbte du d\u00e9but \u00e0 la fin. Laissez-vous transporter par ce conte qui s\u00e9duira toute la famille.\u00a0\u00bb <strong>FRANCE BLEU<\/strong><\/p>\n\n\n\n<p>\u00a0\u00bb La Compagnie L\u00e9 LA d\u00e9gage une \u00e9nergie po\u00e9tique et r\u00e9solument engag\u00e9e.\u00a0\u00bb <strong>LA 1\u00e8re OUTRE-MER<\/strong><\/p>\n\n\n\n<p>\u00a0\u00bb Le spectacle nous remet face \u00e0 face avec nos fondamentaux. Coup de c\u0153ur de la r\u00e9daction.\u00a0\u00bb<strong> D&rsquo;AILLEURS<\/strong> <strong>ET D&rsquo;ICI<\/strong><\/p>\n\n\n\n<p>\u00a0\u00bb Une mise en sc\u00e8ne d\u00e9licate, un conte engag\u00e9 qui r\u00e9sonne comme un bel \u00e9veil des consciences, sans jamais renoncer \u00e0 la po\u00e9sie. A voir absolument.\u00a0\u00bb <strong>SUDART CULTURE<\/strong><\/p>\n\n\n\n<p>\u00a0\u00bb Une fable exotique de toute beaut\u00e9.\u00a0\u00bb <strong>VAUCLUSE MATIN<\/strong><\/p>\n\n\n\n<p>\u00a0\u00bb Un spectacle tr\u00e8s \u00e9mouvant qui s&rsquo;adresse autant aux enfants qu&rsquo;aux adultes.\u00a0\u00bb <strong>SORTIE DE SCENE<\/strong><\/p>\n\n\n\n<p>\u00ab\u00a0Quel bonheur, c&rsquo;est magique !\u00a0\u00bb <strong>CHRONIQUES DU OFF<\/strong><\/p>\n\n\n\n<p>\u00a0\u00bb Extraordinaire ! \u00a0\u00bb <strong>TV KOMIDI<\/strong><\/p>\n\n\n\n<p>\u00a0\u00bb Un tr\u00e8s joli spectacle, une fable moderne et pleine d&rsquo;humour.\u00a0\u00bb <strong>LE CORYPHEE<\/strong><\/p>\n\n\n\n<p>\u00a0\u00bb Bravo pour ce spectacle et pour ce texte formidables. Un r\u00e9cit v\u00e9ritablement all\u00e9gorique et n\u00e9cessaire.\u00a0\u00bb <strong>RADIO TOULOUSE<\/strong><\/p>\n\n\n\n<p>\u00a0\u00bb Une fable \u00e9cologique et philosophique qui aborde les th\u00e8mes de la nature, l&rsquo;\u00e9galit\u00e9 et le partage.\u00a0\u00bb <strong>LA PROVENCE<\/strong><\/p>\n\n\n\n<p>\u00a0\u00bb L\u2019\u00e9cologie et le gaspillage sont au c\u0153ur de cette pi\u00e8ce. Ca donne le frisson. Un immense BRAVO pour ce moment d\u2019orf\u00e8vrerie th\u00e9\u00e2trale.\u00a0\u00bb <strong>LA TRIBUNE DES TRETEAUX<\/strong><\/p>\n\n\n\n<p>\u00ab\u00a0Une mise en sc\u00e8ne originale, tout est pr\u00e9cis, exigeant, cibl\u00e9. A couper le souffle !\u00a0\u00bb <strong>PARALLELE SUD<\/strong><\/p>\n\n\n\n<p>&nbsp;\u00ab\u00a0Le&nbsp;spectacle a enchant\u00e9 les 140 visiteurs&nbsp;dionysiens, dont des enfants et des seniors&nbsp;! \u00a0\u00bb <strong>IMAZPRESS.COM<\/strong><\/p>\n\n\n\n<p><\/p>\n<\/div>\n<\/div>\n<\/div>\n<\/div>\n<\/div>\n\n\n\n<h2 class=\"wp-block-heading\"><strong>Lieux de repr\u00e9sentations, R\u00e9union :<\/strong><\/h2>\n\n\n\n<ul class=\"wp-block-list\">\n<li><strong>Saint-Pierre<\/strong>&nbsp;: Lucet Langenier, CHU, Alefpa, Ecole Edmond Albius<\/li>\n\n\n\n<li><strong>Saint-Denis<\/strong> : TEAT Champ Fleuri, Cit\u00e9 Des Arts, M\u00e9diath\u00e8que Fran\u00e7ois Mitterrand<\/li>\n\n\n\n<li><strong>Saint-Joseph<\/strong> : M\u00e9diath\u00e8que du Sud Sauvage, Gymnase de Vincendo<\/li>\n\n\n\n<li><strong>Le Tampon <\/strong>: Th\u00e9\u00e2tre Luc Donat, Cit\u00e9 du Volcan, Croix-Rouge, IMP Bel Air, Ecole Ernest V\u00e9lia<\/li>\n\n\n\n<li><strong>Saint-Louis<\/strong> : Ecole Sarda Garriga<\/li>\n\n\n\n<li><strong>Entre-Deux<\/strong> : Kaf\u00e9 ek Lanbrokin<\/li>\n\n\n\n<li><strong>Les Avirons<\/strong> : Salle Georges Brassens<\/li>\n\n\n\n<li><strong>3 Bassins<\/strong> : L&rsquo;Alambic<\/li>\n\n\n\n<li><strong>Saint-Andr\u00e9<\/strong> : Alefpa<\/li>\n\n\n\n<li><strong>La Possession<\/strong> : Ecole Paul Eluard<\/li>\n<\/ul>\n\n\n\n<h2 class=\"wp-block-heading\"><strong>Lieux de repr\u00e9sentations, Autre :<\/strong><\/h2>\n\n\n\n<ul class=\"wp-block-list\">\n<li><strong>Avignon<\/strong> : Chapelle du Verbe Incarn\u00e9<\/li>\n\n\n\n<li><strong>Montreuil-Bellay<\/strong> : Festival de Montreuil-Bellay<\/li>\n\n\n\n<li><strong>Singapour<\/strong> : Lyc\u00e9e Fran\u00e7ais<\/li>\n<\/ul>\n\n\n\n<h2 class=\"wp-block-heading\">T\u00e9l\u00e9charger<strong> <a href=\"https:\/\/compagnielela.re\/wp-content\/uploads\/2024\/04\/Enfant-arbre-plaket-A4-OK-1.pdf\">le dossier de l&rsquo;Enfant de l&rsquo;Arbre<\/a><\/strong><\/h2>\n\n\n\n<h2 class=\"wp-block-heading\">T\u00e9l\u00e9charger<strong> <a href=\"https:\/\/compagnielela.re\/wp-content\/uploads\/2024\/04\/Dossier-pedagogique-LEnfant-V4_compressed.pdf\">le dossier p\u00e9dagogique de l&rsquo;Enfant de l&rsquo;Arbre<\/a><\/strong><\/h2>\n\n\n\n<h2 class=\"wp-block-heading\">T\u00e9l\u00e9charger <a href=\"https:\/\/compagnielela.re\/wp-content\/uploads\/2025\/08\/Fiche-Technique-LEnfant-de-larbre.pdf\"><strong>la fiche technique<\/strong> <strong>de l&rsquo;Enfant de l&rsquo;Arbre<\/strong><\/a><\/h2>\n<\/div>\n\n\n\n<div class=\"wp-block-column is-layout-flow wp-block-column-is-layout-flow\">\n<figure class=\"wp-block-image size-large\"><img loading=\"lazy\" decoding=\"async\" width=\"370\" height=\"1024\" src=\"https:\/\/compagnielela.re\/wp-content\/uploads\/2025\/06\/Affiche-LEnfant-Avignon-25-HD-370x1024.jpg\" alt=\"\" class=\"wp-image-899\" srcset=\"https:\/\/compagnielela.re\/wp-content\/uploads\/2025\/06\/Affiche-LEnfant-Avignon-25-HD-370x1024.jpg 370w, https:\/\/compagnielela.re\/wp-content\/uploads\/2025\/06\/Affiche-LEnfant-Avignon-25-HD-768x2123.jpg 768w, https:\/\/compagnielela.re\/wp-content\/uploads\/2025\/06\/Affiche-LEnfant-Avignon-25-HD-741x2048.jpg 741w, https:\/\/compagnielela.re\/wp-content\/uploads\/2025\/06\/Affiche-LEnfant-Avignon-25-HD-scaled.jpg 926w\" sizes=\"auto, (max-width: 370px) 100vw, 370px\" \/><\/figure>\n\n\n\n<figure class=\"wp-block-image size-large\"><img loading=\"lazy\" decoding=\"async\" width=\"1024\" height=\"683\" src=\"https:\/\/compagnielela.re\/wp-content\/uploads\/2023\/11\/DUR6939-petite-1024x683.jpg\" alt=\"\" class=\"wp-image-803\" srcset=\"https:\/\/compagnielela.re\/wp-content\/uploads\/2023\/11\/DUR6939-petite-1024x683.jpg 1024w, https:\/\/compagnielela.re\/wp-content\/uploads\/2023\/11\/DUR6939-petite-300x200.jpg 300w, https:\/\/compagnielela.re\/wp-content\/uploads\/2023\/11\/DUR6939-petite-768x512.jpg 768w, https:\/\/compagnielela.re\/wp-content\/uploads\/2023\/11\/DUR6939-petite-1536x1024.jpg 1536w, https:\/\/compagnielela.re\/wp-content\/uploads\/2023\/11\/DUR6939-petite-2048x1365.jpg 2048w\" sizes=\"auto, (max-width: 1024px) 100vw, 1024px\" \/><\/figure>\n\n\n\n<figure class=\"wp-block-image size-large\"><img loading=\"lazy\" decoding=\"async\" width=\"1024\" height=\"878\" src=\"https:\/\/compagnielela.re\/wp-content\/uploads\/2025\/06\/DUR6460-petite-1024x878.jpg\" alt=\"\" class=\"wp-image-898\" srcset=\"https:\/\/compagnielela.re\/wp-content\/uploads\/2025\/06\/DUR6460-petite-1024x878.jpg 1024w, https:\/\/compagnielela.re\/wp-content\/uploads\/2025\/06\/DUR6460-petite-300x257.jpg 300w, https:\/\/compagnielela.re\/wp-content\/uploads\/2025\/06\/DUR6460-petite-768x659.jpg 768w, https:\/\/compagnielela.re\/wp-content\/uploads\/2025\/06\/DUR6460-petite-1536x1317.jpg 1536w, https:\/\/compagnielela.re\/wp-content\/uploads\/2025\/06\/DUR6460-petite-2048x1757.jpg 2048w\" sizes=\"auto, (max-width: 1024px) 100vw, 1024px\" \/><\/figure>\n\n\n\n<figure class=\"wp-block-image size-large\"><img loading=\"lazy\" decoding=\"async\" width=\"1024\" height=\"576\" src=\"https:\/\/compagnielela.re\/wp-content\/uploads\/2023\/11\/2023_10_11-Lenfant-de-larbre-Compagnie-le-la.00_27_20_11.Still019-1024x576.jpg\" alt=\"\" class=\"wp-image-813\" srcset=\"https:\/\/compagnielela.re\/wp-content\/uploads\/2023\/11\/2023_10_11-Lenfant-de-larbre-Compagnie-le-la.00_27_20_11.Still019-1024x576.jpg 1024w, https:\/\/compagnielela.re\/wp-content\/uploads\/2023\/11\/2023_10_11-Lenfant-de-larbre-Compagnie-le-la.00_27_20_11.Still019-300x169.jpg 300w, https:\/\/compagnielela.re\/wp-content\/uploads\/2023\/11\/2023_10_11-Lenfant-de-larbre-Compagnie-le-la.00_27_20_11.Still019-768x432.jpg 768w, https:\/\/compagnielela.re\/wp-content\/uploads\/2023\/11\/2023_10_11-Lenfant-de-larbre-Compagnie-le-la.00_27_20_11.Still019-1536x864.jpg 1536w, https:\/\/compagnielela.re\/wp-content\/uploads\/2023\/11\/2023_10_11-Lenfant-de-larbre-Compagnie-le-la.00_27_20_11.Still019-2048x1152.jpg 2048w\" sizes=\"auto, (max-width: 1024px) 100vw, 1024px\" \/><\/figure>\n\n\n\n<figure class=\"wp-block-image size-large\"><img loading=\"lazy\" decoding=\"async\" width=\"1024\" height=\"683\" src=\"https:\/\/compagnielela.re\/wp-content\/uploads\/2023\/11\/DUR6570-petite-1024x683.jpg\" alt=\"\" class=\"wp-image-806\" srcset=\"https:\/\/compagnielela.re\/wp-content\/uploads\/2023\/11\/DUR6570-petite-1024x683.jpg 1024w, https:\/\/compagnielela.re\/wp-content\/uploads\/2023\/11\/DUR6570-petite-300x200.jpg 300w, https:\/\/compagnielela.re\/wp-content\/uploads\/2023\/11\/DUR6570-petite-768x512.jpg 768w, https:\/\/compagnielela.re\/wp-content\/uploads\/2023\/11\/DUR6570-petite-1536x1024.jpg 1536w, https:\/\/compagnielela.re\/wp-content\/uploads\/2023\/11\/DUR6570-petite-2048x1365.jpg 2048w\" sizes=\"auto, (max-width: 1024px) 100vw, 1024px\" \/><\/figure>\n\n\n\n<figure class=\"wp-block-image size-large\"><img loading=\"lazy\" decoding=\"async\" width=\"1024\" height=\"1024\" src=\"https:\/\/compagnielela.re\/wp-content\/uploads\/2023\/11\/DUR7099-petite-1024x1024.jpg\" alt=\"\" class=\"wp-image-814\" srcset=\"https:\/\/compagnielela.re\/wp-content\/uploads\/2023\/11\/DUR7099-petite-1024x1024.jpg 1024w, https:\/\/compagnielela.re\/wp-content\/uploads\/2023\/11\/DUR7099-petite-300x300.jpg 300w, https:\/\/compagnielela.re\/wp-content\/uploads\/2023\/11\/DUR7099-petite-150x150.jpg 150w, https:\/\/compagnielela.re\/wp-content\/uploads\/2023\/11\/DUR7099-petite-768x768.jpg 768w, https:\/\/compagnielela.re\/wp-content\/uploads\/2023\/11\/DUR7099-petite-1536x1536.jpg 1536w, https:\/\/compagnielela.re\/wp-content\/uploads\/2023\/11\/DUR7099-petite.jpg 2000w\" sizes=\"auto, (max-width: 1024px) 100vw, 1024px\" \/><\/figure>\n\n\n\n<figure class=\"wp-block-image size-large\"><img loading=\"lazy\" decoding=\"async\" width=\"718\" height=\"1024\" src=\"https:\/\/compagnielela.re\/wp-content\/uploads\/2023\/11\/DUR6437-petite-718x1024.jpg\" alt=\"\" class=\"wp-image-807\" srcset=\"https:\/\/compagnielela.re\/wp-content\/uploads\/2023\/11\/DUR6437-petite-718x1024.jpg 718w, https:\/\/compagnielela.re\/wp-content\/uploads\/2023\/11\/DUR6437-petite-210x300.jpg 210w, https:\/\/compagnielela.re\/wp-content\/uploads\/2023\/11\/DUR6437-petite-768x1095.jpg 768w, https:\/\/compagnielela.re\/wp-content\/uploads\/2023\/11\/DUR6437-petite-1077x1536.jpg 1077w, https:\/\/compagnielela.re\/wp-content\/uploads\/2023\/11\/DUR6437-petite-1436x2048.jpg 1436w, https:\/\/compagnielela.re\/wp-content\/uploads\/2023\/11\/DUR6437-petite-scaled.jpg 1795w\" sizes=\"auto, (max-width: 718px) 100vw, 718px\" \/><\/figure>\n\n\n\n<figure class=\"wp-block-image size-large\"><img loading=\"lazy\" decoding=\"async\" width=\"1024\" height=\"768\" src=\"https:\/\/compagnielela.re\/wp-content\/uploads\/2023\/11\/DUR6839-petite-1024x768.jpg\" alt=\"\" class=\"wp-image-808\" srcset=\"https:\/\/compagnielela.re\/wp-content\/uploads\/2023\/11\/DUR6839-petite-1024x768.jpg 1024w, https:\/\/compagnielela.re\/wp-content\/uploads\/2023\/11\/DUR6839-petite-300x225.jpg 300w, https:\/\/compagnielela.re\/wp-content\/uploads\/2023\/11\/DUR6839-petite-768x576.jpg 768w, https:\/\/compagnielela.re\/wp-content\/uploads\/2023\/11\/DUR6839-petite-1536x1152.jpg 1536w, https:\/\/compagnielela.re\/wp-content\/uploads\/2023\/11\/DUR6839-petite-2048x1536.jpg 2048w\" sizes=\"auto, (max-width: 1024px) 100vw, 1024px\" \/><\/figure>\n\n\n\n<figure class=\"wp-block-image size-large\"><img loading=\"lazy\" decoding=\"async\" width=\"1024\" height=\"1024\" src=\"https:\/\/compagnielela.re\/wp-content\/uploads\/2023\/11\/DUR6884-petite-1024x1024.jpg\" alt=\"\" class=\"wp-image-801\" srcset=\"https:\/\/compagnielela.re\/wp-content\/uploads\/2023\/11\/DUR6884-petite-1024x1024.jpg 1024w, https:\/\/compagnielela.re\/wp-content\/uploads\/2023\/11\/DUR6884-petite-300x300.jpg 300w, https:\/\/compagnielela.re\/wp-content\/uploads\/2023\/11\/DUR6884-petite-150x150.jpg 150w, https:\/\/compagnielela.re\/wp-content\/uploads\/2023\/11\/DUR6884-petite-768x768.jpg 768w, https:\/\/compagnielela.re\/wp-content\/uploads\/2023\/11\/DUR6884-petite-1536x1536.jpg 1536w, https:\/\/compagnielela.re\/wp-content\/uploads\/2023\/11\/DUR6884-petite-2048x2048.jpg 2048w\" sizes=\"auto, (max-width: 1024px) 100vw, 1024px\" \/><\/figure>\n\n\n\n<figure class=\"wp-block-image size-large\"><img loading=\"lazy\" decoding=\"async\" width=\"1024\" height=\"576\" src=\"https:\/\/compagnielela.re\/wp-content\/uploads\/2023\/11\/2023_10_11-Lenfant-de-larbre-Compagnie-le-la.00_19_17_02.Still009-1024x576.jpg\" alt=\"\" class=\"wp-image-812\" srcset=\"https:\/\/compagnielela.re\/wp-content\/uploads\/2023\/11\/2023_10_11-Lenfant-de-larbre-Compagnie-le-la.00_19_17_02.Still009-1024x576.jpg 1024w, https:\/\/compagnielela.re\/wp-content\/uploads\/2023\/11\/2023_10_11-Lenfant-de-larbre-Compagnie-le-la.00_19_17_02.Still009-300x169.jpg 300w, https:\/\/compagnielela.re\/wp-content\/uploads\/2023\/11\/2023_10_11-Lenfant-de-larbre-Compagnie-le-la.00_19_17_02.Still009-768x432.jpg 768w, https:\/\/compagnielela.re\/wp-content\/uploads\/2023\/11\/2023_10_11-Lenfant-de-larbre-Compagnie-le-la.00_19_17_02.Still009-1536x864.jpg 1536w, https:\/\/compagnielela.re\/wp-content\/uploads\/2023\/11\/2023_10_11-Lenfant-de-larbre-Compagnie-le-la.00_19_17_02.Still009-2048x1152.jpg 2048w\" sizes=\"auto, (max-width: 1024px) 100vw, 1024px\" \/><\/figure>\n\n\n\n<figure class=\"wp-block-image size-large\"><img loading=\"lazy\" decoding=\"async\" width=\"1024\" height=\"683\" src=\"https:\/\/compagnielela.re\/wp-content\/uploads\/2023\/11\/DUR6898-petite-1024x683.jpg\" alt=\"\" class=\"wp-image-802\" srcset=\"https:\/\/compagnielela.re\/wp-content\/uploads\/2023\/11\/DUR6898-petite-1024x683.jpg 1024w, https:\/\/compagnielela.re\/wp-content\/uploads\/2023\/11\/DUR6898-petite-300x200.jpg 300w, https:\/\/compagnielela.re\/wp-content\/uploads\/2023\/11\/DUR6898-petite-768x512.jpg 768w, https:\/\/compagnielela.re\/wp-content\/uploads\/2023\/11\/DUR6898-petite-1536x1024.jpg 1536w, https:\/\/compagnielela.re\/wp-content\/uploads\/2023\/11\/DUR6898-petite-2048x1365.jpg 2048w\" sizes=\"auto, (max-width: 1024px) 100vw, 1024px\" \/><\/figure>\n<\/div>\n<\/div>\n","protected":false},"excerpt":{"rendered":"<p>L&rsquo;ENFANT DE L&rsquo;ARBRE d&rsquo;Antoine Chalard Style : Conte th\u00e9\u00e2tral et musical Tout Public. Histoire : L&rsquo;enfant vit au pied de l&rsquo;Arbre. L&rsquo;Arbre veille sur lui, le nourrit, le prot\u00e8ge. L&rsquo;enfant aussi prend soin de l&rsquo;Arbre.Tout semble fait pour ne jamais s&rsquo;arr\u00eater.Mais un jour funeste, l&rsquo;Arbre ne trouve plus d&rsquo;eau dans les profondeurs de la Terre. [&hellip;]<\/p>\n","protected":false},"author":1,"featured_media":0,"parent":65,"menu_order":5,"comment_status":"closed","ping_status":"closed","template":"","meta":{"site-sidebar-layout":"right-sidebar","site-content-layout":"","ast-site-content-layout":"default","site-content-style":"default","site-sidebar-style":"default","ast-global-header-display":"","ast-banner-title-visibility":"","ast-main-header-display":"","ast-hfb-above-header-display":"","ast-hfb-below-header-display":"","ast-hfb-mobile-header-display":"","site-post-title":"","ast-breadcrumbs-content":"","ast-featured-img":"","footer-sml-layout":"","ast-disable-related-posts":"","theme-transparent-header-meta":"","adv-header-id-meta":"","stick-header-meta":"","header-above-stick-meta":"","header-main-stick-meta":"","header-below-stick-meta":"","astra-migrate-meta-layouts":"set","ast-page-background-enabled":"default","ast-page-background-meta":{"desktop":{"background-color":"var(--ast-global-color-4)","background-image":"","background-repeat":"repeat","background-position":"center center","background-size":"auto","background-attachment":"scroll","background-type":"","background-media":"","overlay-type":"","overlay-color":"","overlay-opacity":"","overlay-gradient":""},"tablet":{"background-color":"","background-image":"","background-repeat":"repeat","background-position":"center center","background-size":"auto","background-attachment":"scroll","background-type":"","background-media":"","overlay-type":"","overlay-color":"","overlay-opacity":"","overlay-gradient":""},"mobile":{"background-color":"","background-image":"","background-repeat":"repeat","background-position":"center center","background-size":"auto","background-attachment":"scroll","background-type":"","background-media":"","overlay-type":"","overlay-color":"","overlay-opacity":"","overlay-gradient":""}},"ast-content-background-meta":{"desktop":{"background-color":"var(--ast-global-color-5)","background-image":"","background-repeat":"repeat","background-position":"center center","background-size":"auto","background-attachment":"scroll","background-type":"","background-media":"","overlay-type":"","overlay-color":"","overlay-opacity":"","overlay-gradient":""},"tablet":{"background-color":"var(--ast-global-color-5)","background-image":"","background-repeat":"repeat","background-position":"center center","background-size":"auto","background-attachment":"scroll","background-type":"","background-media":"","overlay-type":"","overlay-color":"","overlay-opacity":"","overlay-gradient":""},"mobile":{"background-color":"var(--ast-global-color-5)","background-image":"","background-repeat":"repeat","background-position":"center center","background-size":"auto","background-attachment":"scroll","background-type":"","background-media":"","overlay-type":"","overlay-color":"","overlay-opacity":"","overlay-gradient":""}},"footnotes":""},"class_list":["post-735","page","type-page","status-publish","hentry"],"_links":{"self":[{"href":"https:\/\/compagnielela.re\/index.php?rest_route=\/wp\/v2\/pages\/735","targetHints":{"allow":["GET"]}}],"collection":[{"href":"https:\/\/compagnielela.re\/index.php?rest_route=\/wp\/v2\/pages"}],"about":[{"href":"https:\/\/compagnielela.re\/index.php?rest_route=\/wp\/v2\/types\/page"}],"author":[{"embeddable":true,"href":"https:\/\/compagnielela.re\/index.php?rest_route=\/wp\/v2\/users\/1"}],"replies":[{"embeddable":true,"href":"https:\/\/compagnielela.re\/index.php?rest_route=%2Fwp%2Fv2%2Fcomments&post=735"}],"version-history":[{"count":47,"href":"https:\/\/compagnielela.re\/index.php?rest_route=\/wp\/v2\/pages\/735\/revisions"}],"predecessor-version":[{"id":937,"href":"https:\/\/compagnielela.re\/index.php?rest_route=\/wp\/v2\/pages\/735\/revisions\/937"}],"up":[{"embeddable":true,"href":"https:\/\/compagnielela.re\/index.php?rest_route=\/wp\/v2\/pages\/65"}],"wp:attachment":[{"href":"https:\/\/compagnielela.re\/index.php?rest_route=%2Fwp%2Fv2%2Fmedia&parent=735"}],"curies":[{"name":"wp","href":"https:\/\/api.w.org\/{rel}","templated":true}]}}