{"id":60,"date":"2018-10-04T10:34:57","date_gmt":"2018-10-04T08:34:57","guid":{"rendered":"http:\/\/compagnielela.re\/?page_id=60"},"modified":"2023-09-15T14:08:20","modified_gmt":"2023-09-15T10:08:20","slug":"le-petit-kayamb","status":"publish","type":"page","link":"https:\/\/compagnielela.re\/?page_id=60","title":{"rendered":"Le Petit Violon"},"content":{"rendered":"<h1 style=\"text-align: left;\"><strong>LE PETIT VIOLON&nbsp; de Jean-Claude Grumberg<\/strong><\/h1>\n<p><iframe loading=\"lazy\" title=\"LE PETIT VIOLON de JC GRUMBERG\" width=\"500\" height=\"281\" src=\"https:\/\/www.youtube.com\/embed\/WyqTvlMTlIg?feature=oembed\" frameborder=\"0\" allow=\"accelerometer; autoplay; clipboard-write; encrypted-media; gyroscope; picture-in-picture; web-share\" referrerpolicy=\"strict-origin-when-cross-origin\" allowfullscreen><\/iframe><\/p>\n\n\n<div class=\"wp-block-columns has-2-columns is-layout-flex wp-container-core-columns-is-layout-28f84493 wp-block-columns-is-layout-flex\">\n<div class=\"wp-block-column is-layout-flow wp-block-column-is-layout-flow\">\n<h2 class=\"wp-block-heading\"><strong>Style :<\/strong><\/h2>\n\n\n\n<p>Spectacle familial \u00e0 partir de 5 ans.<\/p>\n\n\n\n<h2 class=\"wp-block-heading\"><strong>Histoire :<\/strong><\/h2>\n\n\n\n<p> L\u00e9o le camelot d\u00e9tient le secret du bonheur et le d\u00e9voile au plus grand g\u00e9ant du monde. Ensemble, ils vont arracher la petite Sarah sourde et muette aux griffes du directeur du cirque Univers qui la martyrise.&nbsp; A l\u2019aide de quelques dessins, de son petit violon et de beaucoup d\u2019amour, L\u00e9o entreprend d\u2019apprivoiser \u00ab&nbsp;l\u2019enfant sauvage&nbsp;\u00bb\u2026<br>C\u2019est le point de d\u00e9part d\u2019une aventure humaine aussi dr\u00f4le que po\u00e9tique, un voyage \u00e0 travers l\u2019univers du cirque et des march\u00e9s d\u2019antan. C\u2019est l\u2019histoire de Sarah, enfant sourde et muette aux talents multiples et fascinants.<br>D\u2019apr\u00e8s un conte de Charles Dickens. <br>Le texte est \u00e9dit\u00e9 aux \u00e9ditions Acte Sud Junior <\/p>\n\n\n\n<h2 class=\"wp-block-heading\"><strong>Extraits de presse : <\/strong><\/h2>\n\n\n\n<ul class=\"wp-block-list\">\n<li>\u00ab&nbsp;Un tr\u00e8s beau spectacle, une histoire qui parle aux enfants comme aux grands. C\u2019est magnifique, magnifique de pudeur.&nbsp;\u00bb&nbsp;<strong>FRANCE CULTURE<\/strong><\/li>\n\n\n\n<li>\u00ab&nbsp;Emouvant et joyeux !&nbsp;\u00bb&nbsp;<strong>TELERAMA<\/strong><\/li>\n\n\n\n<li>\u00ab&nbsp;Tout en apportant une r\u00e9flexion sur la diff\u00e9rence, la solitude et le handicap, ce spectacle est un condens\u00e9 d\u2019acrobaties, de th\u00e9\u00e2tre et de musique. A la fois tendre et merveilleux, il fera le bonheur des petits comme des grands.&nbsp;\u00bb&nbsp;<strong>LE PARISIEN<\/strong><\/li>\n<\/ul>\n\n\n\n<h2 class=\"wp-block-heading\"><strong>Equipe : <\/strong><\/h2>\n\n\n\n<ul class=\"wp-block-list\">\n<li>Mise en sc\u00e8ne : Antoine Chalard<\/li>\n\n\n\n<li>Avec : Aur\u00e9lie Lauret, Antoine Chalard et Florent Malburet<\/li>\n\n\n\n<li>Sc\u00e9nographie : Andr\u00e9 Chalard, Fran\u00e7ois Burette<\/li>\n\n\n\n<li>Costumes : Sophie Ta\u00efs<\/li>\n\n\n\n<li>Lumi\u00e8res : Dominique Benvenuti et Julie Koo Seen Lin<\/li>\n\n\n\n<li>Accessoirisation : Florent Malburet<\/li>\n\n\n\n<li>Masques : Galina Molotov<\/li>\n\n\n\n<li>Photos : Alexis Hoareau<\/li>\n\n\n\n<li>Affiche : Z\u00e9lie Paulino<\/li>\n<\/ul>\n\n\n\n<h2 class=\"wp-block-heading\"><strong>Lieux de repr\u00e9sentations<\/strong><\/h2>\n\n\n\n<ul class=\"wp-block-list\">\n<li><strong>Saint-Pierre<\/strong> :  Th\u00e9\u00e2tre Lucet Langenier, M\u00e9diath\u00e8que, \u00e9cole Jean-Paul Sartre<\/li>\n\n\n\n<li><strong>Le Tampon<\/strong> : Th\u00e9\u00e2tre Luc Donat, Cit\u00e9 du Volcan, \u00e9cole Ernest V\u00e9lia<\/li>\n\n\n\n<li><strong>Petite-\u00cele<\/strong> : Salle Fangourin, \u00e9cole des Platanes, \u00e9cole Bougainvilliers<\/li>\n\n\n\n<li><strong>Saint-Joseph<\/strong> : M\u00e9diath\u00e8que, salle de la Plaine des Gr\u00e8gues<\/li>\n\n\n\n<li><strong>Saint-Philippe<\/strong> : Ecole du Centre<\/li>\n\n\n\n<li><strong>Saint-Leu<\/strong> : Mus\u00e9e Stella Matutina<\/li>\n\n\n\n<li><strong>Trois-Bassins<\/strong> : P\u00f4le Culturel L&rsquo;Alambic<\/li>\n\n\n\n<li><strong>Les Avirons<\/strong> : Salle Georges Brassens<\/li>\n\n\n\n<li><strong>Saint-Paul<\/strong> : L\u00e9spas<\/li>\n\n\n\n<li><strong>La Possession<\/strong> : \u00e9cole Arthur Alm\u00e9ry, \u00e9cole Henri Lapierre, \u00e9cole Paul Eluard<\/li>\n\n\n\n<li><strong>Saint-Denis<\/strong> : M\u00e9diath\u00e8que Fran\u00e7ois Mitterrand, Ecole Michel Debr\u00e9 ( le Chaudron)<\/li>\n<\/ul>\n\n\n\n<h2 class=\"wp-block-heading\">T\u00e9l\u00e9charger<strong> <a href=\"http:\/\/compagnielela.re\/wp-content\/uploads\/dossier-Le-Petit-Violon-150dpi-1.pdf\">le dossier du Petit Violon<\/a><\/strong><\/h2>\n\n\n\n<h2 class=\"wp-block-heading\">T\u00e9l\u00e9charger<strong> <a href=\"http:\/\/compagnielela.re\/wp-content\/uploads\/LE-PETIT-VIOLON-Dossier-p\u00e9dagogique-compagnie-L\u00e9-La-1.pdf\">le dossier p\u00e9dagogique du Petit Violon<\/a><\/strong><\/h2>\n\n\n\n<h2 class=\"wp-block-heading\">T\u00e9l\u00e9charger<strong> <a href=\"http:\/\/compagnielela.re\/wp-content\/uploads\/fiche-technique-1.pdf\">La fiche technique du Petit Violon<\/a><\/strong><\/h2>\n\n\n\n<h2 class=\"wp-block-heading\"><strong>Production : Th\u00e9\u00e2tre du Midi<\/strong><\/h2>\n<\/div>\n\n\n\n<div class=\"wp-block-column is-layout-flow wp-block-column-is-layout-flow\">\n<figure class=\"wp-block-image\"><img loading=\"lazy\" decoding=\"async\" width=\"724\" height=\"1024\" src=\"http:\/\/compagnielela.re\/wp-content\/uploads\/petit-violon-affiche-final-724x1024.jpeg\" alt=\"\" class=\"wp-image-290\" srcset=\"https:\/\/compagnielela.re\/wp-content\/uploads\/petit-violon-affiche-final-724x1024.jpeg 724w, https:\/\/compagnielela.re\/wp-content\/uploads\/petit-violon-affiche-final-212x300.jpeg 212w, https:\/\/compagnielela.re\/wp-content\/uploads\/petit-violon-affiche-final-768x1086.jpeg 768w, https:\/\/compagnielela.re\/wp-content\/uploads\/petit-violon-affiche-final-800x1131.jpeg 800w, https:\/\/compagnielela.re\/wp-content\/uploads\/petit-violon-affiche-final.jpeg 1169w\" sizes=\"auto, (max-width: 724px) 100vw, 724px\" \/><\/figure>\n\n\n\n<figure class=\"wp-block-image\"><img loading=\"lazy\" decoding=\"async\" width=\"591\" height=\"354\" src=\"http:\/\/compagnielela.re\/wp-content\/uploads\/photo-4-1.jpg\" alt=\"\" class=\"wp-image-199\" srcset=\"https:\/\/compagnielela.re\/wp-content\/uploads\/photo-4-1.jpg 591w, https:\/\/compagnielela.re\/wp-content\/uploads\/photo-4-1-300x180.jpg 300w\" sizes=\"auto, (max-width: 591px) 100vw, 591px\" \/><\/figure>\n\n\n\n<figure class=\"wp-block-image size-large\"><img loading=\"lazy\" decoding=\"async\" width=\"1024\" height=\"682\" src=\"http:\/\/compagnielela.re\/wp-content\/uploads\/MG_0555-4-1024x682.jpg\" alt=\"\" class=\"wp-image-356\" srcset=\"https:\/\/compagnielela.re\/wp-content\/uploads\/MG_0555-4-1024x682.jpg 1024w, https:\/\/compagnielela.re\/wp-content\/uploads\/MG_0555-4-300x200.jpg 300w, https:\/\/compagnielela.re\/wp-content\/uploads\/MG_0555-4-768x512.jpg 768w, https:\/\/compagnielela.re\/wp-content\/uploads\/MG_0555-4-1536x1024.jpg 1536w, https:\/\/compagnielela.re\/wp-content\/uploads\/MG_0555-4-800x533.jpg 800w, https:\/\/compagnielela.re\/wp-content\/uploads\/MG_0555-4.jpg 2000w\" sizes=\"auto, (max-width: 1024px) 100vw, 1024px\" \/><\/figure>\n\n\n\n<figure class=\"wp-block-image size-large\"><img loading=\"lazy\" decoding=\"async\" width=\"682\" height=\"1024\" src=\"http:\/\/compagnielela.re\/wp-content\/uploads\/MG_0980-2-682x1024.jpg\" alt=\"\" class=\"wp-image-355\" srcset=\"https:\/\/compagnielela.re\/wp-content\/uploads\/MG_0980-2-682x1024.jpg 682w, https:\/\/compagnielela.re\/wp-content\/uploads\/MG_0980-2-200x300.jpg 200w, https:\/\/compagnielela.re\/wp-content\/uploads\/MG_0980-2-768x1152.jpg 768w, https:\/\/compagnielela.re\/wp-content\/uploads\/MG_0980-2-1024x1536.jpg 1024w, https:\/\/compagnielela.re\/wp-content\/uploads\/MG_0980-2-800x1200.jpg 800w, https:\/\/compagnielela.re\/wp-content\/uploads\/MG_0980-2.jpg 1333w\" sizes=\"auto, (max-width: 682px) 100vw, 682px\" \/><\/figure>\n\n\n\n<figure class=\"wp-block-image size-large\"><img loading=\"lazy\" decoding=\"async\" width=\"1024\" height=\"682\" src=\"http:\/\/compagnielela.re\/wp-content\/uploads\/MG_0694-3-1024x682.jpg\" alt=\"\" class=\"wp-image-354\" srcset=\"https:\/\/compagnielela.re\/wp-content\/uploads\/MG_0694-3-1024x682.jpg 1024w, https:\/\/compagnielela.re\/wp-content\/uploads\/MG_0694-3-300x200.jpg 300w, https:\/\/compagnielela.re\/wp-content\/uploads\/MG_0694-3-768x512.jpg 768w, https:\/\/compagnielela.re\/wp-content\/uploads\/MG_0694-3-1536x1024.jpg 1536w, https:\/\/compagnielela.re\/wp-content\/uploads\/MG_0694-3-800x533.jpg 800w, https:\/\/compagnielela.re\/wp-content\/uploads\/MG_0694-3.jpg 2000w\" sizes=\"auto, (max-width: 1024px) 100vw, 1024px\" \/><\/figure>\n\n\n\n<figure class=\"wp-block-image size-large\"><img loading=\"lazy\" decoding=\"async\" width=\"1024\" height=\"682\" src=\"http:\/\/compagnielela.re\/wp-content\/uploads\/MG_0878-3-1024x682.jpg\" alt=\"\" class=\"wp-image-353\" srcset=\"https:\/\/compagnielela.re\/wp-content\/uploads\/MG_0878-3-1024x682.jpg 1024w, https:\/\/compagnielela.re\/wp-content\/uploads\/MG_0878-3-300x200.jpg 300w, https:\/\/compagnielela.re\/wp-content\/uploads\/MG_0878-3-768x512.jpg 768w, https:\/\/compagnielela.re\/wp-content\/uploads\/MG_0878-3-1536x1024.jpg 1536w, https:\/\/compagnielela.re\/wp-content\/uploads\/MG_0878-3-800x533.jpg 800w, https:\/\/compagnielela.re\/wp-content\/uploads\/MG_0878-3.jpg 2000w\" sizes=\"auto, (max-width: 1024px) 100vw, 1024px\" \/><\/figure>\n\n\n\n<figure class=\"wp-block-image\"><img loading=\"lazy\" decoding=\"async\" width=\"472\" height=\"600\" src=\"http:\/\/compagnielela.re\/wp-content\/uploads\/photo-7-1.jpg\" alt=\"\" class=\"wp-image-202\" srcset=\"https:\/\/compagnielela.re\/wp-content\/uploads\/photo-7-1.jpg 472w, https:\/\/compagnielela.re\/wp-content\/uploads\/photo-7-1-236x300.jpg 236w\" sizes=\"auto, (max-width: 472px) 100vw, 472px\" \/><\/figure>\n\n\n\n<figure class=\"wp-block-image size-large\"><img loading=\"lazy\" decoding=\"async\" width=\"1024\" height=\"682\" src=\"http:\/\/compagnielela.re\/wp-content\/uploads\/MG_0960-2-1024x682.jpg\" alt=\"\" class=\"wp-image-350\" srcset=\"https:\/\/compagnielela.re\/wp-content\/uploads\/MG_0960-2-1024x682.jpg 1024w, https:\/\/compagnielela.re\/wp-content\/uploads\/MG_0960-2-300x200.jpg 300w, https:\/\/compagnielela.re\/wp-content\/uploads\/MG_0960-2-768x512.jpg 768w, https:\/\/compagnielela.re\/wp-content\/uploads\/MG_0960-2-1536x1024.jpg 1536w, https:\/\/compagnielela.re\/wp-content\/uploads\/MG_0960-2-800x533.jpg 800w, https:\/\/compagnielela.re\/wp-content\/uploads\/MG_0960-2.jpg 2000w\" sizes=\"auto, (max-width: 1024px) 100vw, 1024px\" \/><\/figure>\n\n\n\n<figure class=\"wp-block-image size-large\"><img loading=\"lazy\" decoding=\"async\" width=\"1024\" height=\"682\" src=\"http:\/\/compagnielela.re\/wp-content\/uploads\/MG_0891-3-1024x682.jpg\" alt=\"\" class=\"wp-image-351\" srcset=\"https:\/\/compagnielela.re\/wp-content\/uploads\/MG_0891-3-1024x682.jpg 1024w, https:\/\/compagnielela.re\/wp-content\/uploads\/MG_0891-3-300x200.jpg 300w, https:\/\/compagnielela.re\/wp-content\/uploads\/MG_0891-3-768x512.jpg 768w, https:\/\/compagnielela.re\/wp-content\/uploads\/MG_0891-3-1536x1024.jpg 1536w, https:\/\/compagnielela.re\/wp-content\/uploads\/MG_0891-3-800x533.jpg 800w, https:\/\/compagnielela.re\/wp-content\/uploads\/MG_0891-3.jpg 2000w\" sizes=\"auto, (max-width: 1024px) 100vw, 1024px\" \/><\/figure>\n\n\n\n<figure class=\"wp-block-image size-large\"><img loading=\"lazy\" decoding=\"async\" width=\"1024\" height=\"682\" src=\"http:\/\/compagnielela.re\/wp-content\/uploads\/MG_0855-3-1024x682.jpg\" alt=\"\" class=\"wp-image-352\" srcset=\"https:\/\/compagnielela.re\/wp-content\/uploads\/MG_0855-3-1024x682.jpg 1024w, https:\/\/compagnielela.re\/wp-content\/uploads\/MG_0855-3-300x200.jpg 300w, https:\/\/compagnielela.re\/wp-content\/uploads\/MG_0855-3-768x512.jpg 768w, https:\/\/compagnielela.re\/wp-content\/uploads\/MG_0855-3-1536x1024.jpg 1536w, https:\/\/compagnielela.re\/wp-content\/uploads\/MG_0855-3-800x533.jpg 800w, https:\/\/compagnielela.re\/wp-content\/uploads\/MG_0855-3.jpg 2000w\" sizes=\"auto, (max-width: 1024px) 100vw, 1024px\" \/><\/figure>\n\n\n\n<figure class=\"wp-block-image\"><img loading=\"lazy\" decoding=\"async\" width=\"472\" height=\"610\" src=\"http:\/\/compagnielela.re\/wp-content\/uploads\/photo-27-1.jpg\" alt=\"\" class=\"wp-image-206\" srcset=\"https:\/\/compagnielela.re\/wp-content\/uploads\/photo-27-1.jpg 472w, https:\/\/compagnielela.re\/wp-content\/uploads\/photo-27-1-232x300.jpg 232w\" sizes=\"auto, (max-width: 472px) 100vw, 472px\" \/><\/figure>\n\n\n\n<figure class=\"wp-block-image size-large\"><img loading=\"lazy\" decoding=\"async\" width=\"1024\" height=\"682\" src=\"http:\/\/compagnielela.re\/wp-content\/uploads\/MG_0801-2-1024x682.jpg\" alt=\"\" class=\"wp-image-349\" srcset=\"https:\/\/compagnielela.re\/wp-content\/uploads\/MG_0801-2-1024x682.jpg 1024w, https:\/\/compagnielela.re\/wp-content\/uploads\/MG_0801-2-300x200.jpg 300w, https:\/\/compagnielela.re\/wp-content\/uploads\/MG_0801-2-768x512.jpg 768w, https:\/\/compagnielela.re\/wp-content\/uploads\/MG_0801-2-1536x1024.jpg 1536w, https:\/\/compagnielela.re\/wp-content\/uploads\/MG_0801-2-800x533.jpg 800w, https:\/\/compagnielela.re\/wp-content\/uploads\/MG_0801-2.jpg 2000w\" sizes=\"auto, (max-width: 1024px) 100vw, 1024px\" \/><\/figure>\n\n\n\n<figure class=\"wp-block-image size-large\"><img loading=\"lazy\" decoding=\"async\" width=\"1024\" height=\"682\" src=\"http:\/\/compagnielela.re\/wp-content\/uploads\/MG_0955-2-1024x682.jpg\" alt=\"\" class=\"wp-image-348\" srcset=\"https:\/\/compagnielela.re\/wp-content\/uploads\/MG_0955-2-1024x682.jpg 1024w, https:\/\/compagnielela.re\/wp-content\/uploads\/MG_0955-2-300x200.jpg 300w, https:\/\/compagnielela.re\/wp-content\/uploads\/MG_0955-2-768x512.jpg 768w, https:\/\/compagnielela.re\/wp-content\/uploads\/MG_0955-2-1536x1024.jpg 1536w, https:\/\/compagnielela.re\/wp-content\/uploads\/MG_0955-2-800x533.jpg 800w, https:\/\/compagnielela.re\/wp-content\/uploads\/MG_0955-2.jpg 2000w\" sizes=\"auto, (max-width: 1024px) 100vw, 1024px\" \/><\/figure>\n\n\n\n<figure class=\"wp-block-image size-large\"><img loading=\"lazy\" decoding=\"async\" width=\"1024\" height=\"682\" src=\"http:\/\/compagnielela.re\/wp-content\/uploads\/MG_0575-2-1024x682.jpg\" alt=\"\" class=\"wp-image-347\" srcset=\"https:\/\/compagnielela.re\/wp-content\/uploads\/MG_0575-2-1024x682.jpg 1024w, https:\/\/compagnielela.re\/wp-content\/uploads\/MG_0575-2-300x200.jpg 300w, https:\/\/compagnielela.re\/wp-content\/uploads\/MG_0575-2-768x512.jpg 768w, https:\/\/compagnielela.re\/wp-content\/uploads\/MG_0575-2-1536x1024.jpg 1536w, https:\/\/compagnielela.re\/wp-content\/uploads\/MG_0575-2-800x533.jpg 800w, https:\/\/compagnielela.re\/wp-content\/uploads\/MG_0575-2.jpg 2000w\" sizes=\"auto, (max-width: 1024px) 100vw, 1024px\" \/><\/figure>\n\n\n<\/div>\n<\/div>\n\n\n\n<p><\/p>\n","protected":false},"excerpt":{"rendered":"<p>LE PETIT VIOLON&nbsp; de Jean-Claude Grumberg Style : Spectacle familial \u00e0 partir de 5 ans. Histoire : L\u00e9o le camelot d\u00e9tient le secret du bonheur et le d\u00e9voile au plus grand g\u00e9ant du monde. Ensemble, ils vont arracher la petite Sarah sourde et muette aux griffes du directeur du cirque Univers qui la martyrise.&nbsp; A [&hellip;]<\/p>\n","protected":false},"author":3,"featured_media":0,"parent":65,"menu_order":2,"comment_status":"closed","ping_status":"closed","template":"","meta":{"site-sidebar-layout":"right-sidebar","site-content-layout":"","ast-site-content-layout":"default","site-content-style":"default","site-sidebar-style":"default","ast-global-header-display":"","ast-banner-title-visibility":"","ast-main-header-display":"","ast-hfb-above-header-display":"","ast-hfb-below-header-display":"","ast-hfb-mobile-header-display":"","site-post-title":"","ast-breadcrumbs-content":"","ast-featured-img":"","footer-sml-layout":"","ast-disable-related-posts":"","theme-transparent-header-meta":"","adv-header-id-meta":"","stick-header-meta":"","header-above-stick-meta":"","header-main-stick-meta":"","header-below-stick-meta":"","astra-migrate-meta-layouts":"set","ast-page-background-enabled":"default","ast-page-background-meta":{"desktop":{"background-color":"var(--ast-global-color-4)","background-image":"","background-repeat":"repeat","background-position":"center center","background-size":"auto","background-attachment":"scroll","background-type":"","background-media":"","overlay-type":"","overlay-color":"","overlay-opacity":"","overlay-gradient":""},"tablet":{"background-color":"","background-image":"","background-repeat":"repeat","background-position":"center center","background-size":"auto","background-attachment":"scroll","background-type":"","background-media":"","overlay-type":"","overlay-color":"","overlay-opacity":"","overlay-gradient":""},"mobile":{"background-color":"","background-image":"","background-repeat":"repeat","background-position":"center center","background-size":"auto","background-attachment":"scroll","background-type":"","background-media":"","overlay-type":"","overlay-color":"","overlay-opacity":"","overlay-gradient":""}},"ast-content-background-meta":{"desktop":{"background-color":"var(--ast-global-color-5)","background-image":"","background-repeat":"repeat","background-position":"center center","background-size":"auto","background-attachment":"scroll","background-type":"","background-media":"","overlay-type":"","overlay-color":"","overlay-opacity":"","overlay-gradient":""},"tablet":{"background-color":"var(--ast-global-color-5)","background-image":"","background-repeat":"repeat","background-position":"center center","background-size":"auto","background-attachment":"scroll","background-type":"","background-media":"","overlay-type":"","overlay-color":"","overlay-opacity":"","overlay-gradient":""},"mobile":{"background-color":"var(--ast-global-color-5)","background-image":"","background-repeat":"repeat","background-position":"center center","background-size":"auto","background-attachment":"scroll","background-type":"","background-media":"","overlay-type":"","overlay-color":"","overlay-opacity":"","overlay-gradient":""}},"footnotes":""},"class_list":["post-60","page","type-page","status-publish","hentry"],"_links":{"self":[{"href":"https:\/\/compagnielela.re\/index.php?rest_route=\/wp\/v2\/pages\/60","targetHints":{"allow":["GET"]}}],"collection":[{"href":"https:\/\/compagnielela.re\/index.php?rest_route=\/wp\/v2\/pages"}],"about":[{"href":"https:\/\/compagnielela.re\/index.php?rest_route=\/wp\/v2\/types\/page"}],"author":[{"embeddable":true,"href":"https:\/\/compagnielela.re\/index.php?rest_route=\/wp\/v2\/users\/3"}],"replies":[{"embeddable":true,"href":"https:\/\/compagnielela.re\/index.php?rest_route=%2Fwp%2Fv2%2Fcomments&post=60"}],"version-history":[{"count":68,"href":"https:\/\/compagnielela.re\/index.php?rest_route=\/wp\/v2\/pages\/60\/revisions"}],"predecessor-version":[{"id":766,"href":"https:\/\/compagnielela.re\/index.php?rest_route=\/wp\/v2\/pages\/60\/revisions\/766"}],"up":[{"embeddable":true,"href":"https:\/\/compagnielela.re\/index.php?rest_route=\/wp\/v2\/pages\/65"}],"wp:attachment":[{"href":"https:\/\/compagnielela.re\/index.php?rest_route=%2Fwp%2Fv2%2Fmedia&parent=60"}],"curies":[{"name":"wp","href":"https:\/\/api.w.org\/{rel}","templated":true}]}}