{"id":58,"date":"2018-10-04T10:34:17","date_gmt":"2018-10-04T08:34:17","guid":{"rendered":"http:\/\/compagnielela.re\/?page_id=58"},"modified":"2024-04-05T18:06:53","modified_gmt":"2024-04-05T14:06:53","slug":"elephant-man","status":"publish","type":"page","link":"https:\/\/compagnielela.re\/?page_id=58","title":{"rendered":"Elephant Man"},"content":{"rendered":"<h1><strong>ELEPHANT MAN\u00a0 d&rsquo;Antoine <\/strong><strong>Chalard<\/strong><\/h1>\n<p><iframe loading=\"lazy\" title=\"BA de ELEPHANT MAN. Th\u00e9\u00e2tre du Midi\" width=\"500\" height=\"281\" src=\"https:\/\/www.youtube.com\/embed\/JIf16Vc6Izc?feature=oembed\" frameborder=\"0\" allow=\"accelerometer; autoplay; clipboard-write; encrypted-media; gyroscope; picture-in-picture; web-share\" referrerpolicy=\"strict-origin-when-cross-origin\" allowfullscreen><\/iframe><\/p>\n\n\n<div class=\"wp-block-columns has-2-columns is-layout-flex wp-container-core-columns-is-layout-28f84493 wp-block-columns-is-layout-flex\">\n<div class=\"wp-block-column is-layout-flow wp-block-column-is-layout-flow\">\n<h2 class=\"wp-block-heading\"><strong>Style : <\/strong>\n<\/h2>\n\n\n\n<p>Pi\u00e8ce de Th\u00e9\u00e2tre originale<\/p>\n\n\n\n<h2 class=\"wp-block-heading\"><strong>Histoire :<\/strong><\/h2>\n\n\n\n<p>Londres 1884.L&rsquo;engouement de la population pour les Monstres, les\n\u00ab&nbsp;freaks&nbsp;\u00bb est \u00e0 son apog\u00e9e. Le plus c\u00e9l\u00e8bre d&rsquo;entre\neux est sans doute Joseph Merrick, alias \u00ab&nbsp;Elephant Man&nbsp;\u00bb,\nexhib\u00e9 comme une b\u00eate dans les foires pour ses difformit\u00e9s\nincroyables. \n<\/p>\n\n\n\n<p>Sa rencontre avec le Docteur Treves, \u00e9minent professeur \u00e0\nl&rsquo;universit\u00e9 de m\u00e9decine, va lui redonner la force de vivre,\nbouleverser les certitudes du Docteur, et changer le regard de toute\nla haute soci\u00e9t\u00e9.<\/p>\n\n\n\n<p>A l&rsquo;encontre du film de David Lynch, ce spectacle \u00e9tonnamment\npositif est un hymne \u00e0 l&rsquo;amour et \u00e0 l&rsquo;amiti\u00e9 entre tous les \u00eatres,\nun \u00e9loge de la beaut\u00e9 de notre humanit\u00e9 dans toutes ses formes et\ntoutes ses diff\u00e9rences. \n<\/p>\n\n\n\n<p>Un spectacle qui nous raconte sous une forme nouvelle cette\nhistoire haletante, humaine, d\u00e9chirante et incroyablement belle.<\/p>\n\n\n\n<p>Spectacle soutenu par l&rsquo;Adami, la Spedidam, la mairie de\nSaint-Pierre de la R\u00e9union, le festival Komidi et la Mairie de\nChelles.<\/p>\n\n\n\n<h2 class=\"wp-block-heading\"><strong>Extraits de presse :<\/strong><\/h2>\n\n\n\n<ul class=\"wp-block-list\">\n<li>  \u00ab&nbsp;Ce spectacle va \u00e0 l&rsquo;essentiel et touche au but.&nbsp;\u00bb <strong>TELERAMA<\/strong><\/li>\n\n\n\n<li> \u00ab&nbsp;Les acteurs r\u00e9ussissent \u00e0 nous \u00e9mouvoir simplement et avec tact. \u00bb&nbsp; <strong>LE CANARD ENCHAINE<\/strong><\/li>\n\n\n\n<li> \u00ab&nbsp;Un v\u00e9ritable hymne \u00e0 la diff\u00e9rence.&nbsp;\u00bb<strong> FRANCE 3<\/strong><\/li>\n\n\n\n<li> \u00ab&nbsp;Une vision tr\u00e8s tendre et tr\u00e8s pudique.&nbsp;\u00bb&nbsp;<strong>FRANCE BLEU<\/strong><\/li>\n\n\n\n<li> \u00ab Un spectacle d&rsquo;une grande \u00e9motion, impressionnant d&rsquo;intensit\u00e9. \u00bb <strong>SCIENCES ET AVENIR<\/strong><\/li>\n\n\n\n<li> \u00ab&nbsp;Un autre regard sur cet \u00eatre hors norme. \u00bb <strong>LA TERRASSE<\/strong><\/li>\n\n\n\n<li> \u00ab&nbsp;Ce spectacle r\u00e9solument pudique nous interroge sur notre humanit\u00e9.&nbsp;\u00bb<strong>&nbsp;L\u2019EST REPUBLICAIN<\/strong><\/li>\n\n\n\n<li> \u00ab Du tr\u00e8s beau spectacle qui impr\u00e8gne les esprits.&nbsp;\u00bb&nbsp;<strong>REVUE-SPECTACLES.COM<\/strong><\/li>\n\n\n\n<li> \u00ab Un Elephant Man philosophe et dr\u00f4le, qui ne d\u00e9borde jamais dans le pathos.&nbsp;\u00bb&nbsp;<strong>BOITE A CULTURE<\/strong><\/li>\n\n\n\n<li>  \u00ab&nbsp;Des com\u00e9diens \u00e9bouriffants, une sc\u00e9nographie de toute beaut\u00e9. Un spectacle humain qui touche en plein c\u0153ur.&nbsp;\u00bb <strong>L&rsquo;OEIL D&rsquo;OLIVIER &#8211; Marie-C\u00e9line Nivi\u00e8re<\/strong><\/li>\n\n\n\n<li> \u00ab&nbsp;Une belle le\u00e7on de tol\u00e9rance.&nbsp;\u00bb<strong> LA GRANDE PARADE<\/strong><\/li>\n\n\n\n<li> \u00ab&nbsp;Chaque mot, chaque geste est habit\u00e9 par l\u2019\u00e9motion.&nbsp;\u00bb&nbsp;<strong>ADHOC VERBIS.COM<\/strong><\/li>\n\n\n\n<li> \u00ab&nbsp;Le masque de Galina Molotov est paradoxalement d&rsquo;une grande beaut\u00e9.&nbsp;\u00bb <strong>FROGGY&rsquo;S DELIGHT<\/strong><\/li>\n\n\n\n<li> \u00ab&nbsp;Un tr\u00e8s beau spectacle, \u00e0 voir absolument !&nbsp;\u00bb <strong>55&nbsp;MAG<\/strong><\/li>\n\n\n\n<li> \u00ab&nbsp;Florent Malburet nous crucifie sur place tant sa sensibilit\u00e9 \u00e0 fleur de peau nous \u00e9meut.&nbsp;\u00bb <strong>THEATRES.COM<\/strong><\/li>\n\n\n\n<li> \u00ab&nbsp;Le texte est magnifique, les acteurs sont \u00e9poustouflants. Tr\u00e8s belle et \u00e9mouvante adaptation th\u00e9\u00e2trale de cette histoire authentique et bouleversante.&nbsp;\u00bb <strong>CRITIQUETHEATRECLAU.COM<\/strong><\/li>\n\n\n\n<li>  \u00abEcriture magnifique, dialogues sompteux, on ressort de ce spectacle plein d&rsquo;espoir.&nbsp;\u00bb <strong>ID FM<\/strong><\/li>\n\n\n\n<li>  \u00ab&nbsp;Un beau moment de th\u00e9\u00e2tre.&nbsp;\u00bb <strong>DE LA COUR AU JARDIN<\/strong><\/li>\n\n\n\n<li>  \u00ab&nbsp;Poignant ! Une belle performance ! \u00bb <strong>PLACEMENT LIBRE.FR<\/strong><\/li>\n\n\n\n<li>  \u00abUne histoire magnifique sur la tol\u00e9rance et l&rsquo;acceptation de la diff\u00e9rence.&nbsp;\u00bb <strong>FOU DE THEATRE<\/strong><\/li>\n\n\n\n<li>  \u00ab&nbsp;Une vision onirique et profond\u00e9ment \u00e9mouvante de l&rsquo;histoire de Joseph Merrick.&nbsp;\u00bb <strong>BOOKS, TEA TIME ANS SWEET APPLE PIE<\/strong><\/li>\n\n\n\n<li>  \u00ab&nbsp;Un spectacle qui iradie d&rsquo;humanit\u00e9. \u00bb <strong>THEATRE AU VENT<\/strong><\/li>\n<\/ul>\n\n\n\n<h2 class=\"wp-block-heading\"><strong>Equipe :<\/strong><\/h2>\n\n\n\n<ul class=\"wp-block-list\">\n<li>Mise en sc\u00e8ne : Antoine Chalard\n\t<\/li>\n\n\n\n<li>Avec : Cl\u00e9mentine Yelnik, Antoine\n\tChalard et Florent Malburet\n\t<\/li>\n\n\n\n<li>Costumes : marie Vernhes\n\t<\/li>\n\n\n\n<li>Masque : Galina Molotov&nbsp; \n\t\n\t<\/li>\n\n\n\n<li>Cr\u00e9ation lumi\u00e8re : Judex Boyer\n\tet Fabrice Legros\n\t<\/li>\n\n\n\n<li>Photos : Christian Delcambre\n\t<\/li>\n\n\n\n<li>Affiche : Karim Brusseleers\n<\/li>\n<\/ul>\n\n\n\n<h2 class=\"wp-block-heading\"><strong>Date de cr\u00e9ation :<\/strong><\/h2>\n\n\n\n<p>25 avril 2018<\/p>\n\n\n\n<h2 class=\"wp-block-heading\"><strong>Lieux de repr\u00e9sentations :<\/strong><\/h2>\n\n\n\n<p>R\u00e9union :<\/p>\n\n\n\n<ul class=\"wp-block-list\">\n<li>Saint-Pierre\n\t: Th\u00e9\u00e2tre Lucet Langenier \n\t\n\t<\/li>\n\n\n\n<li>Saint-Paul\n\t: Lespas \n\t\n\t<\/li>\n\n\n\n<li>Saint-Leu\n\t: Le 211 \n\t\n<\/li>\n<\/ul>\n\n\n\n<p>M\u00e9tropole\n:<\/p>\n\n\n\n<ul class=\"wp-block-list\">\n<li>06 &#8211; Beaulieu : Cin\u00e9ma <\/li>\n\n\n\n<li>38 &#8211; Les Adrets : Festival de l&rsquo;Arpenteur  <\/li>\n\n\n\n<li>38 &#8211; Vizille : Le Jeu de Paume  <\/li>\n\n\n\n<li>42 &#8211; Saint-Etienne : Th\u00e9\u00e2tre de la Grille Verte  <\/li>\n\n\n\n<li>55 &#8211; Verdun : Grenier Th\u00e9\u00e2tre <\/li>\n\n\n\n<li>59 &#8211; Templeuve : Petit Th\u00e9\u00e2tre  <\/li>\n\n\n\n<li>59 &#8211; M\u00e9rignies : Salle Polyvalente culturelle<\/li>\n\n\n\n<li>64 &#8211; Biarritz : ATP<\/li>\n\n\n\n<li>75 &#8211; Paris : Th\u00e9\u00e2tre du Lucernaire  <\/li>\n\n\n\n<li>77 &#8211; Lognes : Salle du Citoyen<\/li>\n\n\n\n<li>84 &#8211; Avignon : Th\u00e9\u00e2tre de l&rsquo;Aliz\u00e9, La Fabrik<\/li>\n\n\n\n<li>93 &#8211; Epinay-sur-Seine : Maison du Th\u00e9\u00e2tre et de la danse<\/li>\n<\/ul>\n\n\n\n<p>Etranger :<\/p>\n\n\n\n<ul class=\"wp-block-list\">\n<li>Liban : Centre Culturel Fran\u00e7ais, Th\u00e9\u00e2tre Jemayze<\/li>\n\n\n\n<li>Mexique : Mexico : CENART, Liceo Franco-Mexicano, Teatro Orientacion<\/li>\n<\/ul>\n\n\n\n<h2 class=\"wp-block-heading\"><strong>T\u00e9l\u00e9charger <a href=\"https:\/\/compagnielela.re\/wp-content\/uploads\/ElephantMan-Plaket-Mail2.pdf\">le dossier d&rsquo;Elephant Man<\/a><\/strong><\/h2>\n\n\n\n<h2 class=\"wp-block-heading\" id=\"mce_41\"><strong>T\u00e9l\u00e9charger <a href=\"http:\/\/compagnielela.re\/wp-content\/uploads\/fiche_technique_Elephant_Man-1.pdf\">la fiche technique d&rsquo;Elephant Man<\/a><\/strong><\/h2>\n\n\n\n<h2 class=\"wp-block-heading\">T\u00e9l\u00e9charger <a href=\"https:\/\/compagnielela.re\/wp-content\/uploads\/ElephantMan-Tract-Mail_mail.pdf\"><strong>le tract d&rsquo;Elephant Man<\/strong><\/a><\/h2>\n<\/div>\n\n\n\n<div class=\"wp-block-column is-layout-flow wp-block-column-is-layout-flow\">\n<figure class=\"wp-block-image size-large\"><img loading=\"lazy\" decoding=\"async\" width=\"413\" height=\"585\" src=\"https:\/\/compagnielela.re\/wp-content\/uploads\/affiche-avignon-21-A6.jpg\" alt=\"\" class=\"wp-image-439\" srcset=\"https:\/\/compagnielela.re\/wp-content\/uploads\/affiche-avignon-21-A6.jpg 413w, https:\/\/compagnielela.re\/wp-content\/uploads\/affiche-avignon-21-A6-212x300.jpg 212w\" sizes=\"auto, (max-width: 413px) 100vw, 413px\" \/><\/figure>\n\n\n\n<figure class=\"wp-block-image\"><img loading=\"lazy\" decoding=\"async\" width=\"1024\" height=\"683\" src=\"http:\/\/compagnielela.re\/wp-content\/uploads\/10-El\u00e9phant-Man-Gilbert-Vanbiervliet-1024x683.jpg\" alt=\"\" class=\"wp-image-273\" srcset=\"https:\/\/compagnielela.re\/wp-content\/uploads\/10-El\u00e9phant-Man-Gilbert-Vanbiervliet-1024x683.jpg 1024w, https:\/\/compagnielela.re\/wp-content\/uploads\/10-El\u00e9phant-Man-Gilbert-Vanbiervliet-300x200.jpg 300w, https:\/\/compagnielela.re\/wp-content\/uploads\/10-El\u00e9phant-Man-Gilbert-Vanbiervliet-768x512.jpg 768w, https:\/\/compagnielela.re\/wp-content\/uploads\/10-El\u00e9phant-Man-Gilbert-Vanbiervliet-800x533.jpg 800w\" sizes=\"auto, (max-width: 1024px) 100vw, 1024px\" \/><\/figure>\n\n\n\n<figure class=\"wp-block-image\"><img loading=\"lazy\" decoding=\"async\" width=\"1024\" height=\"683\" src=\"http:\/\/compagnielela.re\/wp-content\/uploads\/9-El\u00e9phant-Man-Brigitte-Boitelle-1024x683.jpg\" alt=\"\" class=\"wp-image-272\" srcset=\"https:\/\/compagnielela.re\/wp-content\/uploads\/9-El\u00e9phant-Man-Brigitte-Boitelle-1024x683.jpg 1024w, https:\/\/compagnielela.re\/wp-content\/uploads\/9-El\u00e9phant-Man-Brigitte-Boitelle-300x200.jpg 300w, https:\/\/compagnielela.re\/wp-content\/uploads\/9-El\u00e9phant-Man-Brigitte-Boitelle-768x512.jpg 768w, https:\/\/compagnielela.re\/wp-content\/uploads\/9-El\u00e9phant-Man-Brigitte-Boitelle-800x533.jpg 800w\" sizes=\"auto, (max-width: 1024px) 100vw, 1024px\" \/><\/figure>\n\n\n\n<figure class=\"wp-block-image\"><img loading=\"lazy\" decoding=\"async\" width=\"1024\" height=\"683\" src=\"http:\/\/compagnielela.re\/wp-content\/uploads\/1-Elephant-Man-Gilbert-Vanbiervliet-1024x683.jpg\" alt=\"\" class=\"wp-image-275\" srcset=\"https:\/\/compagnielela.re\/wp-content\/uploads\/1-Elephant-Man-Gilbert-Vanbiervliet-1024x683.jpg 1024w, https:\/\/compagnielela.re\/wp-content\/uploads\/1-Elephant-Man-Gilbert-Vanbiervliet-300x200.jpg 300w, https:\/\/compagnielela.re\/wp-content\/uploads\/1-Elephant-Man-Gilbert-Vanbiervliet-768x512.jpg 768w, https:\/\/compagnielela.re\/wp-content\/uploads\/1-Elephant-Man-Gilbert-Vanbiervliet-800x533.jpg 800w\" sizes=\"auto, (max-width: 1024px) 100vw, 1024px\" \/><\/figure>\n\n\n\n<figure class=\"wp-block-image\"><img loading=\"lazy\" decoding=\"async\" width=\"1024\" height=\"683\" src=\"http:\/\/compagnielela.re\/wp-content\/uploads\/2-Elephant-Man-Gilbert-Vanbiervliet-1024x683.jpg\" alt=\"\" class=\"wp-image-276\" srcset=\"https:\/\/compagnielela.re\/wp-content\/uploads\/2-Elephant-Man-Gilbert-Vanbiervliet-1024x683.jpg 1024w, https:\/\/compagnielela.re\/wp-content\/uploads\/2-Elephant-Man-Gilbert-Vanbiervliet-300x200.jpg 300w, https:\/\/compagnielela.re\/wp-content\/uploads\/2-Elephant-Man-Gilbert-Vanbiervliet-768x512.jpg 768w, https:\/\/compagnielela.re\/wp-content\/uploads\/2-Elephant-Man-Gilbert-Vanbiervliet-800x533.jpg 800w\" sizes=\"auto, (max-width: 1024px) 100vw, 1024px\" \/><\/figure>\n\n\n\n<figure class=\"wp-block-image\"><img loading=\"lazy\" decoding=\"async\" width=\"1024\" height=\"683\" src=\"http:\/\/compagnielela.re\/wp-content\/uploads\/7-El\u00e9phant-Man-Gilbert-Vanbiervliet-1024x683.jpg\" alt=\"\" class=\"wp-image-274\" srcset=\"https:\/\/compagnielela.re\/wp-content\/uploads\/7-El\u00e9phant-Man-Gilbert-Vanbiervliet-1024x683.jpg 1024w, https:\/\/compagnielela.re\/wp-content\/uploads\/7-El\u00e9phant-Man-Gilbert-Vanbiervliet-300x200.jpg 300w, https:\/\/compagnielela.re\/wp-content\/uploads\/7-El\u00e9phant-Man-Gilbert-Vanbiervliet-768x512.jpg 768w, https:\/\/compagnielela.re\/wp-content\/uploads\/7-El\u00e9phant-Man-Gilbert-Vanbiervliet-800x533.jpg 800w\" sizes=\"auto, (max-width: 1024px) 100vw, 1024px\" \/><\/figure>\n\n\n\n<figure class=\"wp-block-image\"><img loading=\"lazy\" decoding=\"async\" width=\"591\" height=\"395\" src=\"http:\/\/compagnielela.re\/wp-content\/uploads\/photo-4.jpg\" alt=\"\" class=\"wp-image-99\" srcset=\"https:\/\/compagnielela.re\/wp-content\/uploads\/photo-4.jpg 591w, https:\/\/compagnielela.re\/wp-content\/uploads\/photo-4-300x201.jpg 300w\" sizes=\"auto, (max-width: 591px) 100vw, 591px\" \/><\/figure>\n\n\n\n<figure class=\"wp-block-image\"><img loading=\"lazy\" decoding=\"async\" width=\"1024\" height=\"683\" src=\"http:\/\/compagnielela.re\/wp-content\/uploads\/4-El\u00e9phant-Man-Francis-Mazurek-1024x683.jpg\" alt=\"\" class=\"wp-image-281\" srcset=\"https:\/\/compagnielela.re\/wp-content\/uploads\/4-El\u00e9phant-Man-Francis-Mazurek-1024x683.jpg 1024w, https:\/\/compagnielela.re\/wp-content\/uploads\/4-El\u00e9phant-Man-Francis-Mazurek-300x200.jpg 300w, https:\/\/compagnielela.re\/wp-content\/uploads\/4-El\u00e9phant-Man-Francis-Mazurek-768x512.jpg 768w, https:\/\/compagnielela.re\/wp-content\/uploads\/4-El\u00e9phant-Man-Francis-Mazurek-800x533.jpg 800w\" sizes=\"auto, (max-width: 1024px) 100vw, 1024px\" \/><\/figure>\n\n\n\n<figure class=\"wp-block-image\"><img loading=\"lazy\" decoding=\"async\" width=\"1024\" height=\"680\" src=\"http:\/\/compagnielela.re\/wp-content\/uploads\/6-El\u00e9phant-Man-Brigitte-Boitelle-1024x680.jpg\" alt=\"\" class=\"wp-image-280\" srcset=\"https:\/\/compagnielela.re\/wp-content\/uploads\/6-El\u00e9phant-Man-Brigitte-Boitelle-1024x680.jpg 1024w, https:\/\/compagnielela.re\/wp-content\/uploads\/6-El\u00e9phant-Man-Brigitte-Boitelle-300x199.jpg 300w, https:\/\/compagnielela.re\/wp-content\/uploads\/6-El\u00e9phant-Man-Brigitte-Boitelle-768x510.jpg 768w, https:\/\/compagnielela.re\/wp-content\/uploads\/6-El\u00e9phant-Man-Brigitte-Boitelle-800x531.jpg 800w\" sizes=\"auto, (max-width: 1024px) 100vw, 1024px\" \/><\/figure>\n\n\n\n<figure class=\"wp-block-image\"><img loading=\"lazy\" decoding=\"async\" width=\"1024\" height=\"681\" src=\"http:\/\/compagnielela.re\/wp-content\/uploads\/3-Elephant-Man-Francis-Mazurek-1024x681.jpg\" alt=\"\" class=\"wp-image-277\" srcset=\"https:\/\/compagnielela.re\/wp-content\/uploads\/3-Elephant-Man-Francis-Mazurek-1024x681.jpg 1024w, https:\/\/compagnielela.re\/wp-content\/uploads\/3-Elephant-Man-Francis-Mazurek-300x200.jpg 300w, https:\/\/compagnielela.re\/wp-content\/uploads\/3-Elephant-Man-Francis-Mazurek-768x511.jpg 768w, https:\/\/compagnielela.re\/wp-content\/uploads\/3-Elephant-Man-Francis-Mazurek-800x532.jpg 800w\" sizes=\"auto, (max-width: 1024px) 100vw, 1024px\" \/><\/figure>\n\n\n\n<figure class=\"wp-block-image\"><img loading=\"lazy\" decoding=\"async\" width=\"1024\" height=\"681\" src=\"http:\/\/compagnielela.re\/wp-content\/uploads\/5-El\u00e9phant-Man-Francis-Mazurek-1024x681.jpg\" alt=\"\" class=\"wp-image-278\" srcset=\"https:\/\/compagnielela.re\/wp-content\/uploads\/5-El\u00e9phant-Man-Francis-Mazurek-1024x681.jpg 1024w, https:\/\/compagnielela.re\/wp-content\/uploads\/5-El\u00e9phant-Man-Francis-Mazurek-300x200.jpg 300w, https:\/\/compagnielela.re\/wp-content\/uploads\/5-El\u00e9phant-Man-Francis-Mazurek-768x511.jpg 768w, https:\/\/compagnielela.re\/wp-content\/uploads\/5-El\u00e9phant-Man-Francis-Mazurek-800x532.jpg 800w\" sizes=\"auto, (max-width: 1024px) 100vw, 1024px\" \/><\/figure>\n\n\n\n\n\n\n<\/div>\n<\/div>\n\n\n","protected":false},"excerpt":{"rendered":"<p>ELEPHANT MAN\u00a0 d&rsquo;Antoine Chalard Style : Pi\u00e8ce de Th\u00e9\u00e2tre originale Histoire : Londres 1884.L&rsquo;engouement de la population pour les Monstres, les \u00ab&nbsp;freaks&nbsp;\u00bb est \u00e0 son apog\u00e9e. Le plus c\u00e9l\u00e8bre d&rsquo;entre eux est sans doute Joseph Merrick, alias \u00ab&nbsp;Elephant Man&nbsp;\u00bb, exhib\u00e9 comme une b\u00eate dans les foires pour ses difformit\u00e9s incroyables. Sa rencontre avec le Docteur [&hellip;]<\/p>\n","protected":false},"author":3,"featured_media":0,"parent":65,"menu_order":1,"comment_status":"closed","ping_status":"closed","template":"","meta":{"site-sidebar-layout":"right-sidebar","site-content-layout":"","ast-site-content-layout":"default","site-content-style":"default","site-sidebar-style":"default","ast-global-header-display":"","ast-banner-title-visibility":"","ast-main-header-display":"","ast-hfb-above-header-display":"","ast-hfb-below-header-display":"","ast-hfb-mobile-header-display":"","site-post-title":"","ast-breadcrumbs-content":"","ast-featured-img":"","footer-sml-layout":"","ast-disable-related-posts":"","theme-transparent-header-meta":"","adv-header-id-meta":"","stick-header-meta":"","header-above-stick-meta":"","header-main-stick-meta":"","header-below-stick-meta":"","astra-migrate-meta-layouts":"set","ast-page-background-enabled":"default","ast-page-background-meta":{"desktop":{"background-color":"var(--ast-global-color-4)","background-image":"","background-repeat":"repeat","background-position":"center center","background-size":"auto","background-attachment":"scroll","background-type":"","background-media":"","overlay-type":"","overlay-color":"","overlay-opacity":"","overlay-gradient":""},"tablet":{"background-color":"","background-image":"","background-repeat":"repeat","background-position":"center center","background-size":"auto","background-attachment":"scroll","background-type":"","background-media":"","overlay-type":"","overlay-color":"","overlay-opacity":"","overlay-gradient":""},"mobile":{"background-color":"","background-image":"","background-repeat":"repeat","background-position":"center center","background-size":"auto","background-attachment":"scroll","background-type":"","background-media":"","overlay-type":"","overlay-color":"","overlay-opacity":"","overlay-gradient":""}},"ast-content-background-meta":{"desktop":{"background-color":"var(--ast-global-color-5)","background-image":"","background-repeat":"repeat","background-position":"center center","background-size":"auto","background-attachment":"scroll","background-type":"","background-media":"","overlay-type":"","overlay-color":"","overlay-opacity":"","overlay-gradient":""},"tablet":{"background-color":"var(--ast-global-color-5)","background-image":"","background-repeat":"repeat","background-position":"center center","background-size":"auto","background-attachment":"scroll","background-type":"","background-media":"","overlay-type":"","overlay-color":"","overlay-opacity":"","overlay-gradient":""},"mobile":{"background-color":"var(--ast-global-color-5)","background-image":"","background-repeat":"repeat","background-position":"center center","background-size":"auto","background-attachment":"scroll","background-type":"","background-media":"","overlay-type":"","overlay-color":"","overlay-opacity":"","overlay-gradient":""}},"footnotes":""},"class_list":["post-58","page","type-page","status-publish","hentry"],"_links":{"self":[{"href":"https:\/\/compagnielela.re\/index.php?rest_route=\/wp\/v2\/pages\/58","targetHints":{"allow":["GET"]}}],"collection":[{"href":"https:\/\/compagnielela.re\/index.php?rest_route=\/wp\/v2\/pages"}],"about":[{"href":"https:\/\/compagnielela.re\/index.php?rest_route=\/wp\/v2\/types\/page"}],"author":[{"embeddable":true,"href":"https:\/\/compagnielela.re\/index.php?rest_route=\/wp\/v2\/users\/3"}],"replies":[{"embeddable":true,"href":"https:\/\/compagnielela.re\/index.php?rest_route=%2Fwp%2Fv2%2Fcomments&post=58"}],"version-history":[{"count":50,"href":"https:\/\/compagnielela.re\/index.php?rest_route=\/wp\/v2\/pages\/58\/revisions"}],"predecessor-version":[{"id":852,"href":"https:\/\/compagnielela.re\/index.php?rest_route=\/wp\/v2\/pages\/58\/revisions\/852"}],"up":[{"embeddable":true,"href":"https:\/\/compagnielela.re\/index.php?rest_route=\/wp\/v2\/pages\/65"}],"wp:attachment":[{"href":"https:\/\/compagnielela.re\/index.php?rest_route=%2Fwp%2Fv2%2Fmedia&parent=58"}],"curies":[{"name":"wp","href":"https:\/\/api.w.org\/{rel}","templated":true}]}}